{"id":13,"date":"2021-04-17T15:26:56","date_gmt":"2021-04-17T15:26:56","guid":{"rendered":"http:\/\/czyzewski.blog\/?page_id=13"},"modified":"2024-06-11T18:05:37","modified_gmt":"2024-06-11T15:05:37","slug":"o-nas","status":"publish","type":"page","link":"https:\/\/czyzewski.blog\/","title":{"rendered":"Robert Czy\u017cewski &#8211; czyli kto?"},"content":{"rendered":"\n<figure class=\"wp-block-image size-large is-style-rounded\"><img loading=\"lazy\" decoding=\"async\" width=\"1024\" height=\"681\" src=\"http:\/\/czyzewski.blog\/wp-content\/uploads\/2021\/04\/DSC_5365_ok-1024x681.jpg\" alt=\"\" class=\"wp-image-73\" srcset=\"https:\/\/czyzewski.blog\/wp-content\/uploads\/2021\/04\/DSC_5365_ok-1024x681.jpg 1024w, https:\/\/czyzewski.blog\/wp-content\/uploads\/2021\/04\/DSC_5365_ok-300x200.jpg 300w, https:\/\/czyzewski.blog\/wp-content\/uploads\/2021\/04\/DSC_5365_ok-768x511.jpg 768w, https:\/\/czyzewski.blog\/wp-content\/uploads\/2021\/04\/DSC_5365_ok-1536x1022.jpg 1536w, https:\/\/czyzewski.blog\/wp-content\/uploads\/2021\/04\/DSC_5365_ok-2048x1363.jpg 2048w, https:\/\/czyzewski.blog\/wp-content\/uploads\/2021\/04\/DSC_5365_ok-1200x798.jpg 1200w, https:\/\/czyzewski.blog\/wp-content\/uploads\/2021\/04\/DSC_5365_ok-1980x1317.jpg 1980w\" sizes=\"auto, (max-width: 767px) 89vw, (max-width: 1000px) 54vw, (max-width: 1071px) 543px, 580px\" \/><\/figure>\n\n\n\n<p>Dyrektor Instytutu Polskiego w Kijowie od lipca 2020 do lutego 2024.<\/p>\n\n\n\n<p>Historyk z wykszta\u0142cenia, pasji i powo\u0142ania. <br><br>Dzia\u0142acz pozarz\u0105dowy, w tym wieloletni prezes fundacji Wolno\u015b\u0107 i Demokracja. <\/p>\n\n\n\n<p>Przez wiele lat pracowa\u0142 jako nauczyciel historii i wychowaca m\u0142odzie\u017cy.<\/p>\n\n\n\n<p>Popularyzator historii, publicysta i zami\u0142owany podr\u00f3\u017cnik.<\/p>\n\n\n\n<p><\/p>\n","protected":false},"excerpt":{"rendered":"<p>Dyrektor Instytutu Polskiego w Kijowie od lipca 2020 do lutego 2024. Historyk z wykszta\u0142cenia, pasji i powo\u0142ania. Dzia\u0142acz pozarz\u0105dowy, w tym wieloletni prezes fundacji Wolno\u015b\u0107 i Demokracja. Przez wiele lat pracowa\u0142 jako nauczyciel historii i wychowaca m\u0142odzie\u017cy. Popularyzator historii, publicysta i zami\u0142owany podr\u00f3\u017cnik.<\/p>\n","protected":false},"author":1,"featured_media":0,"parent":0,"menu_order":0,"comment_status":"closed","ping_status":"closed","template":"","meta":{"footnotes":""},"class_list":["post-13","page","type-page","status-publish","hentry"],"_links":{"self":[{"href":"https:\/\/czyzewski.blog\/index.php\/wp-json\/wp\/v2\/pages\/13","targetHints":{"allow":["GET"]}}],"collection":[{"href":"https:\/\/czyzewski.blog\/index.php\/wp-json\/wp\/v2\/pages"}],"about":[{"href":"https:\/\/czyzewski.blog\/index.php\/wp-json\/wp\/v2\/types\/page"}],"author":[{"embeddable":true,"href":"https:\/\/czyzewski.blog\/index.php\/wp-json\/wp\/v2\/users\/1"}],"replies":[{"embeddable":true,"href":"https:\/\/czyzewski.blog\/index.php\/wp-json\/wp\/v2\/comments?post=13"}],"version-history":[{"count":8,"href":"https:\/\/czyzewski.blog\/index.php\/wp-json\/wp\/v2\/pages\/13\/revisions"}],"predecessor-version":[{"id":376,"href":"https:\/\/czyzewski.blog\/index.php\/wp-json\/wp\/v2\/pages\/13\/revisions\/376"}],"wp:attachment":[{"href":"https:\/\/czyzewski.blog\/index.php\/wp-json\/wp\/v2\/media?parent=13"}],"curies":[{"name":"wp","href":"https:\/\/api.w.org\/{rel}","templated":true}]}}